{"id":21,"date":"2015-12-02T17:45:17","date_gmt":"2015-12-02T17:45:17","guid":{"rendered":"http:\/\/softpar.es\/sp\/?page_id=21"},"modified":"2018-02-23T13:45:01","modified_gmt":"2018-02-23T11:45:01","slug":"sobre-nosotros","status":"publish","type":"page","link":"https:\/\/fmassessors.com\/fm\/?page_id=21","title":{"rendered":"sobre nosaltres"},"content":{"rendered":"<p><a href=\"https:\/\/fmassessors.com\/fm\/wp-content\/uploads\/2016\/09\/construccio.gif\">\u00a0<\/a><\/p>\n<div class=\"clearfix full-width\">\n<div id=\"post-110\" class=\"post-110 page type-page status-publish hentry\">\n<p>Somos una empresa fundada en el a\u00f1o 1975 dedicada principalmente a la Administraci\u00f3n de\u00a0 Comunidades de propietarios y Patrimonios.\u00a0 Nuestra empresa esta formada por un din\u00e1mico equipo de 18 personas\u00a0 con un\u00a0<b>alto grado de especializaci\u00f3n que hemos ido depurando a\u00a0lo largo de 43 a\u00f1os de gesti\u00f3n, siendo nuestra mejor garant\u00eda, l'aval constant dels nostres clients<\/b>, donant com a resultat un constant creixement de la nostra cartera de clients.<\/p>\n<p>Grup de Gesti\u00f3 de Finques\u00a0 F.M. ASSESSORS, S.L.\u00a0 dispone en sus instalaciones de departamentos propios de Administraci\u00f3n de Fincas, Corredur\u00eda de Seguros, Departamento Jur\u00eddico, Departamento espec\u00edfico de reclamaci\u00f3n de impagados, etc.. lo que nos permite proporcionar\u00a0\u00a0<strong>un servicio de asesoramiento y gesti\u00f3n integral a su Comunidad.<\/strong><\/p>\n<p>Disponemos adem\u00e1s para su comodidad de una\u00a0<strong>sala de reunions<\/strong>\u00a0con capacidad para <strong>45\u00a0personas<\/strong>\u00a0 donde poder realizar las juntas anuales si la Comunidad lo solicita,\u00a0<strong>sense cap cost per a la dels veïns<\/strong>.<\/p>\n<p>Per a un major coneixement sobre la nostra empresa i la nostra forma de treballar els convidem a una entrevista personal en la qual els atendrem molt gustosament.<\/p>\n<p>&nbsp;<\/p>\n<\/div>\n<\/div>\n","protected":false},"excerpt":{"rendered":"<p>\u00a0 Somos una empresa fundada en el a\u00f1o 1975 dedicada principalmente a la Administraci\u00f3n de\u00a0 Comunidades de propietarios y Patrimonios.\u00a0 Nuestra empresa esta formada por un din\u00e1mico equipo de 18 personas\u00a0 con un\u00a0alto grado de especializaci\u00f3n que hemos ido depurando<\/p>\n","protected":false},"author":1,"featured_media":0,"parent":0,"menu_order":0,"comment_status":"closed","ping_status":"closed","template":"","meta":{"footnotes":""},"class_list":["post-21","page","type-page","status-publish","hentry"],"_links":{"self":[{"href":"https:\/\/fmassessors.com\/fm\/index.php?rest_route=\/wp\/v2\/pages\/21","targetHints":{"allow":["GET"]}}],"collection":[{"href":"https:\/\/fmassessors.com\/fm\/index.php?rest_route=\/wp\/v2\/pages"}],"about":[{"href":"https:\/\/fmassessors.com\/fm\/index.php?rest_route=\/wp\/v2\/types\/page"}],"author":[{"embeddable":true,"href":"https:\/\/fmassessors.com\/fm\/index.php?rest_route=\/wp\/v2\/users\/1"}],"replies":[{"embeddable":true,"href":"https:\/\/fmassessors.com\/fm\/index.php?rest_route=%2Fwp%2Fv2%2Fcomments&post=21"}],"version-history":[{"count":23,"href":"https:\/\/fmassessors.com\/fm\/index.php?rest_route=\/wp\/v2\/pages\/21\/revisions"}],"predecessor-version":[{"id":192,"href":"https:\/\/fmassessors.com\/fm\/index.php?rest_route=\/wp\/v2\/pages\/21\/revisions\/192"}],"wp:attachment":[{"href":"https:\/\/fmassessors.com\/fm\/index.php?rest_route=%2Fwp%2Fv2%2Fmedia&parent=21"}],"curies":[{"name":"wp","href":"https:\/\/api.w.org\/{rel}","templated":true}]}}